{"id":17,"date":"2021-06-11T15:55:07","date_gmt":"2021-06-11T13:55:07","guid":{"rendered":"http:\/\/99travels.co\/?page_id=17"},"modified":"2021-06-11T15:55:07","modified_gmt":"2021-06-11T13:55:07","slug":"kudus-seyahati-onkayit-sayfasi","status":"publish","type":"page","link":"https:\/\/99travels.co\/index.php\/kudus-seyahati-onkayit-sayfasi\/","title":{"rendered":"KUD\u00dcS SEYAHAT\u0130 \u00d6NKAYIT SAYFASI"},"content":{"rendered":"","protected":false},"excerpt":{"rendered":"","protected":false},"author":1,"featured_media":0,"parent":0,"menu_order":0,"comment_status":"closed","ping_status":"closed","template":"","meta":[],"_links":{"self":[{"href":"https:\/\/99travels.co\/index.php\/wp-json\/wp\/v2\/pages\/17"}],"collection":[{"href":"https:\/\/99travels.co\/index.php\/wp-json\/wp\/v2\/pages"}],"about":[{"href":"https:\/\/99travels.co\/index.php\/wp-json\/wp\/v2\/types\/page"}],"author":[{"embeddable":true,"href":"https:\/\/99travels.co\/index.php\/wp-json\/wp\/v2\/users\/1"}],"replies":[{"embeddable":true,"href":"https:\/\/99travels.co\/index.php\/wp-json\/wp\/v2\/comments?post=17"}],"version-history":[{"count":1,"href":"https:\/\/99travels.co\/index.php\/wp-json\/wp\/v2\/pages\/17\/revisions"}],"predecessor-version":[{"id":18,"href":"https:\/\/99travels.co\/index.php\/wp-json\/wp\/v2\/pages\/17\/revisions\/18"}],"wp:attachment":[{"href":"https:\/\/99travels.co\/index.php\/wp-json\/wp\/v2\/media?parent=17"}],"curies":[{"name":"wp","href":"https:\/\/api.w.org\/{rel}","templated":true}]}}